{"id":7,"date":"2020-12-03T14:28:07","date_gmt":"2020-12-03T13:28:07","guid":{"rendered":"http:\/\/svvs27.fr\/?page_id=7"},"modified":"2021-07-08T11:20:22","modified_gmt":"2021-07-08T09:20:22","slug":"a-propos-de","status":"publish","type":"page","link":"https:\/\/svvs27.fr\/index.php\/a-propos-de\/","title":{"rendered":"Pr\u00e9sentation"},"content":{"rendered":"\n<p class=\"has-medium-font-size\"><strong>La structure<\/strong><\/p>\n\n\n\n<p>Le Syndicat de Voirie Vexin Seine est situ\u00e9 dans le d\u00e9partement de l\u2019Eure et la r\u00e9gion de Normandie.<\/p>\n\n\n\n<p>Le Syndicat de Voirie Vexin Seine dont le si\u00e8ge est aux Andelys, est cr\u00e9\u00e9 le 31 d\u00e9cembre 2016 suite \u00e0 la Loi NOTRe.<\/p>\n\n\n\n<p>Le Syndicat de Voirie est une \u00c9tablissement Public apportant son expertise \u00e0 19 communes. <\/p>\n\n\n\n<p>Il intervient tout au long de l&rsquo;ann\u00e9e pour soutenir les communes membres dan sleurs projets d&rsquo;am\u00e9nagement, dans l&rsquo;entretien et la construction de leur patrimoine routier, pour les conseiller sur leurs choix et strat\u00e9gies techniques et financi\u00e8res. Il les assiste administrativement pour les aspects li\u00e9s aux march\u00e9s publics, aux subventionnements et autres r\u00e8glementations&#8230;<\/p>\n\n\n\n<p class=\"has-white-background-color has-background has-medium-font-size\"><strong>Les \u00e9lus<\/strong><\/p>\n\n\n\n<ul class=\"has-normal-font-size\"><li><strong>L\u2019Ex\u00e9cutif<\/strong><\/li><\/ul>\n\n\n\n<p class=\"has-white-background-color has-background has-normal-font-size\">Monsieur Claude LETOURNEUR, Pr\u00e9sident depuis le 11 janvier 2017,repr\u00e9sente le pouvoir ex\u00e9cutif du Syndicat de Voirie Vexin Seine.<\/p>\n\n\n\n<ul class=\"has-normal-font-size\"><li><strong>Le Bureau Syndical<\/strong><\/li><\/ul>\n\n\n\n<p class=\"has-normal-font-size\">Le 7 juillet 2020, le Comit\u00e9 Syndical s&rsquo;est r\u00e9uni pour proc\u00e9der \u00e0 l\u2019\u00e9lection de son Pr\u00e9sident et Bureau Syndical.<\/p>\n\n\n\n<p>Monsieur Claude LETOURNEUR  a \u00e9t\u00e9 \u00e9lu Pr\u00e9sident.<\/p>\n\n\n\n<p>Le Bureau Syndical dont le nombre est d\u00e9termin\u00e9 par d\u00e9lib\u00e9ration du Comit\u00e9 Syndical se compose de 7 membres. Il est le suivant:<\/p>\n\n\n\n<figure class=\"wp-block-table aligncenter is-style-stripes\"><table class=\"has-fixed-layout\"><tbody><tr><td>                   <strong>Identit\u00e9<\/strong><\/td><td><strong>Fonction<\/strong><\/td><td><strong>&nbsp;collectivit\u00e9 d&rsquo;appartenance<\/strong><\/td><\/tr><tr><td>    Claude LETOURNEUR<\/td><td>Pr\u00e9sident<\/td><td>LES ANDELYS<\/td><\/tr><tr><td>    Christian LORDI<\/td><td>Vice-pr\u00e9sident<\/td><td>PORT-MORT<\/td><\/tr><tr><td>    Jean-Pierre TAULL\u00c9<\/td><td>Membre<\/td><td>V\u00c9ZILLON<\/td><\/tr><tr><td>     Bernard LEBOUCQ<\/td><td>Membre<\/td><td>MUIDS<\/td><\/tr><tr><td>      Francis SAUVALLE<\/td><td>Membre<\/td><td>HARQUENCY<\/td><\/tr><tr><td> Jean-Pierre DELACOURT<\/td><td>Membre<\/td><td>HEUQUEVILLE<\/td><\/tr><tr><td>       Aline BERTOU<\/td><td>Membre<\/td><td>FRENELLES EN VEXIN<\/td><\/tr><\/tbody><\/table><\/figure>\n\n\n\n<p><em><strong>Son r\u00f4le: <\/strong><\/em><\/p>\n\n\n\n<p>Le bureau Syndical a pour vocation principale de mettre en \u0153uvre toutes les activit\u00e9s du Syndicat de Voirie, conform\u00e9ment aux d\u00e9lib\u00e9rations vot\u00e9es par le Comit\u00e9 Syndical. Il g\u00e8re l&rsquo;ensemble des affaires courantes.<\/p>\n\n\n\n<ul class=\"has-normal-font-size\"><li><strong>Le Comit\u00e9 Syndical<\/strong><\/li><\/ul>\n\n\n\n<p><em><strong>Sa composition:<\/strong><\/em><\/p>\n\n\n\n<p>Le Syndicat de Voirie est administr\u00e9 par un Comit\u00e9 Syndical, chaque commune membre est repr\u00e9sent\u00e9e par un d\u00e9l\u00e9gu\u00e9 titulaire et d&rsquo;un d\u00e9l\u00e9gu\u00e9 suppl\u00e9ant.<\/p>\n","protected":false},"excerpt":{"rendered":"<p>La structure Le Syndicat de Voirie Vexin Seine est situ\u00e9 dans le d\u00e9partement de l\u2019Eure et la r\u00e9gion de Normandie. Le Syndicat de Voirie Vexin Seine dont le si\u00e8ge est aux Andelys, est cr\u00e9\u00e9 le 31 d\u00e9cembre 2016 suite \u00e0 la Loi NOTRe. Le Syndicat de Voirie est une \u00c9tablissement Public apportant son expertise \u00e0 &hellip; <\/p>\n<p class=\"link-more\"><a href=\"https:\/\/svvs27.fr\/index.php\/a-propos-de\/\" class=\"more-link\">Continuer la lecture<span class=\"screen-reader-text\"> de &laquo;&nbsp;Pr\u00e9sentation&nbsp;&raquo;<\/span><\/a><\/p>\n","protected":false},"author":1,"featured_media":130,"parent":0,"menu_order":0,"comment_status":"closed","ping_status":"closed","template":"","meta":[],"_links":{"self":[{"href":"https:\/\/svvs27.fr\/index.php\/wp-json\/wp\/v2\/pages\/7"}],"collection":[{"href":"https:\/\/svvs27.fr\/index.php\/wp-json\/wp\/v2\/pages"}],"about":[{"href":"https:\/\/svvs27.fr\/index.php\/wp-json\/wp\/v2\/types\/page"}],"author":[{"embeddable":true,"href":"https:\/\/svvs27.fr\/index.php\/wp-json\/wp\/v2\/users\/1"}],"replies":[{"embeddable":true,"href":"https:\/\/svvs27.fr\/index.php\/wp-json\/wp\/v2\/comments?post=7"}],"version-history":[{"count":7,"href":"https:\/\/svvs27.fr\/index.php\/wp-json\/wp\/v2\/pages\/7\/revisions"}],"predecessor-version":[{"id":151,"href":"https:\/\/svvs27.fr\/index.php\/wp-json\/wp\/v2\/pages\/7\/revisions\/151"}],"wp:featuredmedia":[{"embeddable":true,"href":"https:\/\/svvs27.fr\/index.php\/wp-json\/wp\/v2\/media\/130"}],"wp:attachment":[{"href":"https:\/\/svvs27.fr\/index.php\/wp-json\/wp\/v2\/media?parent=7"}],"curies":[{"name":"wp","href":"https:\/\/api.w.org\/{rel}","templated":true}]}}