{"id":14,"date":"2020-12-03T14:28:07","date_gmt":"2020-12-03T13:28:07","guid":{"rendered":"http:\/\/svvs27.fr\/?page_id=14"},"modified":"2021-07-08T10:35:19","modified_gmt":"2021-07-08T08:35:19","slug":"accueil","status":"publish","type":"page","link":"https:\/\/svvs27.fr\/","title":{"rendered":"Accueil"},"content":{"rendered":"\n<p>Le Syndicat de Voirie Vexin Seine est situ\u00e9 dans le d\u00e9partement de l\u2019Eure et la r\u00e9gion de Normandie.<\/p>\n\n\n\n<p>Le Syndicat de Voirie Vexin Seine dont le si\u00e8ge est aux Andelys, est cr\u00e9\u00e9 le 31 d\u00e9cembre 2016.<\/p>\n\n\n\n<p>19 communes sont membres du Syndicat de Voirie Vexin Seine.<\/p>\n","protected":false},"excerpt":{"rendered":"<p>Le Syndicat de Voirie Vexin Seine est situ\u00e9 dans le d\u00e9partement de l\u2019Eure et la r\u00e9gion de Normandie. Le Syndicat de Voirie Vexin Seine dont le si\u00e8ge est aux Andelys, est cr\u00e9\u00e9 le 31 d\u00e9cembre 2016. 19 communes sont membres du Syndicat de Voirie Vexin Seine.<\/p>\n","protected":false},"author":1,"featured_media":0,"parent":0,"menu_order":0,"comment_status":"closed","ping_status":"closed","template":"","meta":[],"_links":{"self":[{"href":"https:\/\/svvs27.fr\/index.php\/wp-json\/wp\/v2\/pages\/14"}],"collection":[{"href":"https:\/\/svvs27.fr\/index.php\/wp-json\/wp\/v2\/pages"}],"about":[{"href":"https:\/\/svvs27.fr\/index.php\/wp-json\/wp\/v2\/types\/page"}],"author":[{"embeddable":true,"href":"https:\/\/svvs27.fr\/index.php\/wp-json\/wp\/v2\/users\/1"}],"replies":[{"embeddable":true,"href":"https:\/\/svvs27.fr\/index.php\/wp-json\/wp\/v2\/comments?post=14"}],"version-history":[{"count":2,"href":"https:\/\/svvs27.fr\/index.php\/wp-json\/wp\/v2\/pages\/14\/revisions"}],"predecessor-version":[{"id":49,"href":"https:\/\/svvs27.fr\/index.php\/wp-json\/wp\/v2\/pages\/14\/revisions\/49"}],"wp:attachment":[{"href":"https:\/\/svvs27.fr\/index.php\/wp-json\/wp\/v2\/media?parent=14"}],"curies":[{"name":"wp","href":"https:\/\/api.w.org\/{rel}","templated":true}]}}