{"id":110,"date":"2021-06-28T14:13:39","date_gmt":"2021-06-28T12:13:39","guid":{"rendered":"http:\/\/svvs27.fr\/?page_id=110"},"modified":"2021-07-08T11:31:30","modified_gmt":"2021-07-08T09:31:30","slug":"missions-et-services","status":"publish","type":"page","link":"https:\/\/svvs27.fr\/index.php\/missions-et-services\/","title":{"rendered":"Missions et services"},"content":{"rendered":"\n<p class=\"has-medium-font-size\"><strong>L\u2019ing\u00e9nierie<\/strong><\/p>\n\n\n\n<p>Depuis sa cr\u00e9ation en 2017, le Syndicat de Voirie Vexin Seine s&rsquo;est positionn\u00e9 sur l\u2019ing\u00e9nierie communale afin d&rsquo;apporter aux communes les services ing\u00e9nierie n\u00e9cessaires.<\/p>\n\n\n\n<p>A ce jour, cette activit\u00e9 est en forte \u00e9volution \u00e0 la demande des collectivit\u00e9s sur les domaines suivants:<\/p>\n\n\n\n<ul><li>Assistance \u00e0 la ma\u00eetrise d&rsquo;ouvrage sur des op\u00e9rations sp\u00e9cifiques<\/li><li>Ma\u00eetrise d\u2019\u0153uvre sur op\u00e9ration sp\u00e9cifiques<\/li><li>Ing\u00e9nierie sur la r\u00e9alisation d&rsquo;un plan de mise en accessibilit\u00e9 de la voirie.  <\/li><\/ul>\n\n\n\n<p class=\"has-medium-font-size\"><strong>Les travaux<\/strong><\/p>\n\n\n\n<p><em>Nature des travaux <\/em><\/p>\n\n\n\n<p>Le Syndicat de Voirie Vexin Seine assiste les mairies souhaitant accomplir divers travaux, que ce soit en termes d&rsquo;am\u00e9nagement du territoire ou valorisation de leurs patrimoines routiers.<\/p>\n\n\n\n<p class=\"has-text-align-left\">Le Syndicat de Voirie Vexin Seine assiste donc les communes membres sur diverses missions de travaux: <\/p>\n\n\n\n<ul><li>\u00c9tude des travaux neufs de modernisation;<\/li><li>La r\u00e9alisation des travaux neufs de modernisation ( am\u00e9nagement) des voies existantes;<\/li><li>L&rsquo;entretien et l&rsquo;exploitation (viabilit\u00e9 hivernale) de la voirie;<\/li><\/ul>\n\n\n\n<p>Par ailleurs, le Syndicat de Voirie est \u00e9galement comp\u00e9tent pour l&rsquo;entretien et l&rsquo;am\u00e9nagement des d\u00e9pendances ou accessoires de voirie (\u00e9quipement n\u00e9cessaires \u00e0 la conservation et \u00e0 l&rsquo;exploitation de la route ainsi qu&rsquo;\u00e0 la s\u00e9curit\u00e9 des usagers), vis\u00e9s ci-apr\u00e8s, des voies inscrites au tableau de classement:<\/p>\n\n\n\n<ul><li>les accotements, les foss\u00e9s, les talus, les trottoirs et les parkings class\u00e9s dans la voirie du syndicat;<\/li><li>la signalisation verticale de direction;<\/li><li>la signalisation verticale de police et les balises;<\/li><li>la signalisation horizontale obligatoire et s\u00e9curitaire;<\/li><li>les am\u00e9nagements de s\u00e9curit\u00e9 sur chauss\u00e9e (dispositifs ralentisseurs, bandes rugueuses, \u00eelots directionnels).<\/li><\/ul>\n\n\n\n<p class=\"has-white-background-color has-background has-medium-font-size\"><strong>La fourri\u00e8re<\/strong><\/p>\n\n\n\n<p class=\"has-normal-font-size\">Le Syndicat est comp\u00e9tent pour assurer l&rsquo;entretien, la cr\u00e9ation et la gestion de la fourri\u00e8re destin\u00e9e \u00e0 l&rsquo;accueil des chiens errants sur la voirie Intercommunale.<\/p>\n\n\n\n<p><\/p>\n\n\n\n<figure class=\"wp-block-image size-large\"><img src=\"blob:http:\/\/svvs27.fr\/7cfd8674-e78c-4fb5-9b04-a461a2777b56\" alt=\"\"\/><\/figure>\n\n\n\n<p><\/p>\n\n\n\n<p><\/p>\n\n\n\n<p><\/p>\n\n\n\n<figure class=\"wp-block-gallery columns-1 is-cropped\"><ul class=\"blocks-gallery-grid\"><li class=\"blocks-gallery-item\"><figure><img loading=\"lazy\" width=\"1024\" height=\"306\" src=\"http:\/\/svvs27.fr\/wp-content\/uploads\/2021\/07\/image-1024x306.png\" alt=\"\" data-id=\"152\" data-full-url=\"http:\/\/svvs27.fr\/wp-content\/uploads\/2021\/07\/image.png\" data-link=\"http:\/\/svvs27.fr\/index.php\/missions-et-services\/image-2\/\" class=\"wp-image-152\" srcset=\"https:\/\/svvs27.fr\/wp-content\/uploads\/2021\/07\/image-1024x306.png 1024w, https:\/\/svvs27.fr\/wp-content\/uploads\/2021\/07\/image-300x90.png 300w, https:\/\/svvs27.fr\/wp-content\/uploads\/2021\/07\/image-768x229.png 768w, https:\/\/svvs27.fr\/wp-content\/uploads\/2021\/07\/image.png 1052w\" sizes=\"(max-width: 767px) 89vw, (max-width: 1000px) 54vw, (max-width: 1071px) 543px, 580px\" \/><\/figure><\/li><\/ul><\/figure>\n","protected":false},"excerpt":{"rendered":"<p>L\u2019ing\u00e9nierie Depuis sa cr\u00e9ation en 2017, le Syndicat de Voirie Vexin Seine s&rsquo;est positionn\u00e9 sur l\u2019ing\u00e9nierie communale afin d&rsquo;apporter aux communes les services ing\u00e9nierie n\u00e9cessaires. A ce jour, cette activit\u00e9 est en forte \u00e9volution \u00e0 la demande des collectivit\u00e9s sur les domaines suivants: Assistance \u00e0 la ma\u00eetrise d&rsquo;ouvrage sur des op\u00e9rations sp\u00e9cifiques Ma\u00eetrise d\u2019\u0153uvre sur &hellip; <\/p>\n<p class=\"link-more\"><a href=\"https:\/\/svvs27.fr\/index.php\/missions-et-services\/\" class=\"more-link\">Continuer la lecture<span class=\"screen-reader-text\"> de &laquo;&nbsp;Missions et services&nbsp;&raquo;<\/span><\/a><\/p>\n","protected":false},"author":1,"featured_media":135,"parent":0,"menu_order":0,"comment_status":"closed","ping_status":"closed","template":"","meta":[],"_links":{"self":[{"href":"https:\/\/svvs27.fr\/index.php\/wp-json\/wp\/v2\/pages\/110"}],"collection":[{"href":"https:\/\/svvs27.fr\/index.php\/wp-json\/wp\/v2\/pages"}],"about":[{"href":"https:\/\/svvs27.fr\/index.php\/wp-json\/wp\/v2\/types\/page"}],"author":[{"embeddable":true,"href":"https:\/\/svvs27.fr\/index.php\/wp-json\/wp\/v2\/users\/1"}],"replies":[{"embeddable":true,"href":"https:\/\/svvs27.fr\/index.php\/wp-json\/wp\/v2\/comments?post=110"}],"version-history":[{"count":8,"href":"https:\/\/svvs27.fr\/index.php\/wp-json\/wp\/v2\/pages\/110\/revisions"}],"predecessor-version":[{"id":155,"href":"https:\/\/svvs27.fr\/index.php\/wp-json\/wp\/v2\/pages\/110\/revisions\/155"}],"wp:featuredmedia":[{"embeddable":true,"href":"https:\/\/svvs27.fr\/index.php\/wp-json\/wp\/v2\/media\/135"}],"wp:attachment":[{"href":"https:\/\/svvs27.fr\/index.php\/wp-json\/wp\/v2\/media?parent=110"}],"curies":[{"name":"wp","href":"https:\/\/api.w.org\/{rel}","templated":true}]}}